{"id":207,"date":"2022-03-17T00:34:15","date_gmt":"2022-03-16T23:34:15","guid":{"rendered":"https:\/\/mecogest.com\/?page_id=207"},"modified":"2022-03-17T00:38:36","modified_gmt":"2022-03-16T23:38:36","slug":"politica-de-cookies","status":"publish","type":"page","link":"https:\/\/mecogest.com\/index.php\/politica-de-cookies\/","title":{"rendered":"Pol\u00edtica de Cookies"},"content":{"rendered":"<div class=\"fusion-fullwidth fullwidth-box fusion-builder-row-1 fusion-flex-container nonhundred-percent-fullwidth non-hundred-percent-height-scrolling\" style=\"--awb-border-radius-top-left:0px;--awb-border-radius-top-right:0px;--awb-border-radius-bottom-right:0px;--awb-border-radius-bottom-left:0px;\" ><div class=\"fusion-builder-row fusion-row fusion-flex-align-items-flex-start\" style=\"max-width:1248px;margin-left: calc(-4% \/ 2 );margin-right: calc(-4% \/ 2 );\"><div class=\"fusion-layout-column fusion_builder_column fusion-builder-column-0 fusion_builder_column_1_1 1_1 fusion-flex-column\" style=\"--awb-bg-size:cover;--awb-width-large:100%;--awb-margin-top-large:0px;--awb-spacing-right-large:1.92%;--awb-margin-bottom-large:40px;--awb-spacing-left-large:1.92%;--awb-width-medium:100%;--awb-order-medium:0;--awb-spacing-right-medium:1.92%;--awb-spacing-left-medium:1.92%;--awb-width-small:100%;--awb-order-small:0;--awb-spacing-right-small:1.92%;--awb-spacing-left-small:1.92%;\"><div class=\"fusion-column-wrapper fusion-column-has-shadow fusion-flex-justify-content-flex-start fusion-content-layout-column\"><div class=\"fusion-image-element \" style=\"text-align:center;--awb-caption-title-size:var(--h2_typography-font-size);--awb-caption-title-transform:var(--h2_typography-text-transform);--awb-caption-title-line-height:var(--h2_typography-line-height);--awb-caption-title-letter-spacing:var(--h2_typography-letter-spacing);\"><span class=\" fusion-imageframe imageframe-none imageframe-1 hover-type-none\"><img decoding=\"async\" width=\"336\" height=\"112\" title=\"Mecogest &#8211; Logo\" src=\"https:\/\/mecogest.com\/wp-content\/uploads\/2022\/03\/Mecogest-Logo.png\" alt class=\"img-responsive wp-image-92\" srcset=\"https:\/\/mecogest.com\/wp-content\/uploads\/2022\/03\/Mecogest-Logo-200x67.png 200w, https:\/\/mecogest.com\/wp-content\/uploads\/2022\/03\/Mecogest-Logo.png 336w\" sizes=\"(max-width: 640px) 100vw, 336px\" \/><\/span><\/div><div class=\"fusion-title title fusion-title-1 fusion-sep-none fusion-title-center fusion-title-text fusion-title-size-one\" style=\"--awb-font-size:40px;\"><h1 class=\"title-heading-center\" style=\"margin:0;font-size:1em;\">Pol\u00edtica de Cookies \u00b7 Mecogest, S.L.<\/h1><\/div><\/div><\/div><div class=\"fusion-layout-column fusion_builder_column fusion-builder-column-1 fusion_builder_column_1_1 1_1 fusion-flex-column\" style=\"--awb-bg-size:cover;--awb-width-large:100%;--awb-margin-top-large:0px;--awb-spacing-right-large:1.92%;--awb-margin-bottom-large:20px;--awb-spacing-left-large:1.92%;--awb-width-medium:100%;--awb-order-medium:0;--awb-spacing-right-medium:1.92%;--awb-spacing-left-medium:1.92%;--awb-width-small:100%;--awb-order-small:0;--awb-spacing-right-small:1.92%;--awb-spacing-left-small:1.92%;\"><div class=\"fusion-column-wrapper fusion-column-has-shadow fusion-flex-justify-content-flex-start fusion-content-layout-column\"><div class=\"fusion-text fusion-text-1\"><h2 class=\"fusion-responsive-typography-calculated\" data-fontsize=\"18\" data-lineheight=\"27px\"><strong>1. \u00bfQu\u00e9 son las Cookies?<\/strong><\/h2>\n<p>La p\u00e1gina web de <strong>Mecogest, S.L.<\/strong> <a href=\"https:\/\/mecogest.com\" target=\"_blank\" rel=\"noopener noreferrer\"><strong>www.mecogest.com<\/strong><\/a> utiliza cookies y otros archivos de funcionalidad similar. Las cookies son peque\u00f1os archivos de datos que se env\u00edan al ordenador del Usuario, tel\u00e9fono m\u00f3vil u otro dispositivo de acceso cuando visita una p\u00e1gina web y que permiten obtener informaci\u00f3n relativa a su navegaci\u00f3n o un c\u00f3digo que permite identificar un\u00edvocamente al usuario.<\/p>\n<h2 class=\"fusion-responsive-typography-calculated\" data-fontsize=\"18\" data-lineheight=\"27px\"><strong>2. Tipolog\u00eda de Cookies y finalidades de uso.<\/strong><\/h2>\n<p>Al navegar por este sitio web se utilizan cookies de sesi\u00f3n y cookies persistentes que, a su vez, pueden ser cookies propias o de terceros.<\/p>\n<p>Las Cookies de sesi\u00f3n son cookies dise\u00f1adas para recabar y almacenar datos mientras el usuario accede a una p\u00e1gina web. Se suelen emplear para almacenar informaci\u00f3n que solo interesa conservar para la prestaci\u00f3n del servicio solicitado por el usuario en una sola ocasi\u00f3n.<\/p>\n<p>Las Cookies persistentes son un tipo de cookies en el que los datos siguen almacenados en el terminal y a los que se puede acceder y tratar durante un periodo definido por el responsable de la cookie, y que puede ir de unos minutos a varios a\u00f1os.<\/p>\n<p><strong>COOKIES PROPIAS<\/strong>: Las creadas o gestionadas por el responsable de la p\u00e1gina web de <b>Mecogest, S.L.<\/b> La p\u00e1gina <strong>web www.mecogest.com <\/strong>utiliza cookies propias persistentes con las siguientes finalidades:<\/p>\n<p><strong>COOKIES T\u00c9CNICAS<\/strong>: Son aquellas que permiten al usuario la navegaci\u00f3n a trav\u00e9s de una p\u00e1gina web, plataforma o aplicaci\u00f3n y la utilizaci\u00f3n de las diferentes opciones o servicios que en ella existan como, por ejemplo, controlar el tr\u00e1fico y la comunicaci\u00f3n de datos, identificar la sesi\u00f3n, acceder a partes de acceso restringido, y utilizar elementos de seguridad durante la navegaci\u00f3n.<\/p>\n<p><strong>COOKIES DE PERSONALIZACI\u00d3N<\/strong>: Estas cookies permiten al usuario especificar o personalizar algunas caracter\u00edsticas de las opciones generales de la p\u00e1gina Web. Por ejemplo, definir el idioma, fondo de pantalla, las secciones marcadas como favoritas, el tipo de navegador a trav\u00e9s del cual se accede al servicio, etc.<\/p>\n<p><strong>COOKIES DE AN\u00c1LISIS<\/strong>: Son aqu\u00e9llas que permiten el seguimiento y an\u00e1lisis del comportamiento de los usuarios de la web, para la elaboraci\u00f3n de perfiles de navegaci\u00f3n, con el fin de introducir mejoras en funci\u00f3n del an\u00e1lisis de los datos de uso sobre la oferta de productos y\/o servicios.<\/p>\n<p>En particular, este sitio Web utiliza Google Analytics, un servicio anal\u00edtico de web prestado por Google, Inc. con domicilio en los Estados Unidos con sede central en 1600 Amphitheatre Parkway, Mountain View, California 94043. Para la prestaci\u00f3n de estos servicios, estos utilizan cookies que recopilan la informaci\u00f3n, incluida la direcci\u00f3n IP del usuario, que ser\u00e1 transmitida, tratada y almacenada por Google en los t\u00e9rminos fijados en la Web Google.com. Incluyendo la posible transmisi\u00f3n de dicha informaci\u00f3n a terceros por razones de exigencia legal o cuando dichos terceros procesen la informaci\u00f3n por cuenta de Google.<\/p>\n<p>El Usuario acepta expresamente, por la utilizaci\u00f3n de este Site, el tratamiento de la informaci\u00f3n recabada en la forma y con los fines anteriormente mencionados. Y asimismo reconoce conocer la posibilidad de rechazar el tratamiento de tales datos o informaci\u00f3n rechazando el uso de Cookies mediante la selecci\u00f3n de la configuraci\u00f3n apropiada a tal fin en su navegador, si bien esta opci\u00f3n de bloqueo de Cookies en su navegador puede no permitirle el uso pleno de todas las funcionalidades del Website.<\/p>\n<h2 class=\"fusion-responsive-typography-calculated\" data-fontsize=\"18\" data-lineheight=\"27px\"><strong>3. Desactivaci\u00f3n o eliminaci\u00f3n de las Cookies.<\/strong><\/h2>\n<p>La mayor\u00eda de navegadores web permite gestionar, en cualquier momento, las preferencias del Usuario sobre el uso de las Cookies. El Usuario puede ajustar su navegador para que rechace Cookies o elimine determinadas Cookies seg\u00fan su criterio.<\/p>\n<p>Para la configuraci\u00f3n de las Cookies el Usuario puede acceder a:<\/p>\n<p><strong>Google Chrome<\/strong>: Herramientas \u2192 Configuraci\u00f3n \u2192 Mostrar opciones avanzadas \u2192 configuraci\u00f3n de contenido \u2192 Cookies \u2192 Bloquear los datos de sitios y las cookies de terceros.<\/p>\n<p><strong>Mozilla Firefox<\/strong>: Herramientas \u2192 Opciones \u2192 Privacidad \u2192 Historial \u2192 Usar una configuraci\u00f3n personalizada para el historial (desmarque todas las casillas).<\/p>\n<p><strong>Internet Explorer<\/strong>: Herramientas \u2192 Opciones de Internet \u2192 Privacidad \u2192 Configuraci\u00f3n para la zona de Internet (suba la barra de navegaci\u00f3n hasta Bloquear todas las cookies).<\/p>\n<p><strong>Safari<\/strong>: Edici\u00f3n \u2192 Preferencias \u2192 Privacidad \u2192 Bloquear cookies (seleccione \u201csiempre\u201d).<\/p>\n<h2 class=\"fusion-responsive-typography-calculated\" data-fontsize=\"18\" data-lineheight=\"27px\"><strong>4. Actualizaciones y cambios en la Pol\u00edtica de Cookies.<\/strong><\/h2>\n<p><span style=\"background-color: rgba(255, 255, 255, 0); color: var(--body_typography-color); font-family: var(--body_typography-font-family); font-size: var(--body_typography-font-size); font-style: var(--body_typography-font-style,normal); letter-spacing: var(--body_typography-letter-spacing);\"><b>Mecogest, S.L.<\/b><\/span> puede modificar esta Pol\u00edtica de Cookies en funci\u00f3n de nuevas exigencias legislativas, reglamentarias, o con la finalidad de adaptar dicha pol\u00edtica a las instrucciones dictadas por la Agencia Espa\u00f1ola de Protecci\u00f3n de Datos.<\/p>\n<p>Cuando se produzcan cambios significativos en esta Pol\u00edtica de Cookies se comunicar\u00e1 al usuario mediante un aviso informativo en la p\u00e1gina web.<\/p>\n<p>Si tiene dudas sobre esta pol\u00edtica de cookies, puede contactar con <b>Mecogest, S.L.<\/b> en <strong>mecogest@napeval.com<\/strong><\/p>\n<\/div><\/div><\/div><\/div><\/div>\n","protected":false},"excerpt":{"rendered":"","protected":false},"author":1,"featured_media":0,"parent":0,"menu_order":0,"comment_status":"closed","ping_status":"closed","template":"","meta":{"footnotes":""},"class_list":["post-207","page","type-page","status-publish","hentry"],"_links":{"self":[{"href":"https:\/\/mecogest.com\/index.php\/wp-json\/wp\/v2\/pages\/207","targetHints":{"allow":["GET"]}}],"collection":[{"href":"https:\/\/mecogest.com\/index.php\/wp-json\/wp\/v2\/pages"}],"about":[{"href":"https:\/\/mecogest.com\/index.php\/wp-json\/wp\/v2\/types\/page"}],"author":[{"embeddable":true,"href":"https:\/\/mecogest.com\/index.php\/wp-json\/wp\/v2\/users\/1"}],"replies":[{"embeddable":true,"href":"https:\/\/mecogest.com\/index.php\/wp-json\/wp\/v2\/comments?post=207"}],"version-history":[{"count":3,"href":"https:\/\/mecogest.com\/index.php\/wp-json\/wp\/v2\/pages\/207\/revisions"}],"predecessor-version":[{"id":210,"href":"https:\/\/mecogest.com\/index.php\/wp-json\/wp\/v2\/pages\/207\/revisions\/210"}],"wp:attachment":[{"href":"https:\/\/mecogest.com\/index.php\/wp-json\/wp\/v2\/media?parent=207"}],"curies":[{"name":"wp","href":"https:\/\/api.w.org\/{rel}","templated":true}]}}