{"id":186,"date":"2022-03-16T23:50:39","date_gmt":"2022-03-16T22:50:39","guid":{"rendered":"https:\/\/mecogest.com\/?page_id=186"},"modified":"2022-03-17T00:33:46","modified_gmt":"2022-03-16T23:33:46","slug":"aviso-legal","status":"publish","type":"page","link":"https:\/\/mecogest.com\/index.php\/aviso-legal\/","title":{"rendered":"Aviso Legal"},"content":{"rendered":"<div class=\"fusion-fullwidth fullwidth-box fusion-builder-row-1 fusion-flex-container nonhundred-percent-fullwidth non-hundred-percent-height-scrolling\" style=\"--awb-border-radius-top-left:0px;--awb-border-radius-top-right:0px;--awb-border-radius-bottom-right:0px;--awb-border-radius-bottom-left:0px;\" ><div class=\"fusion-builder-row fusion-row fusion-flex-align-items-flex-start\" style=\"max-width:1248px;margin-left: calc(-4% \/ 2 );margin-right: calc(-4% \/ 2 );\"><div class=\"fusion-layout-column fusion_builder_column fusion-builder-column-0 fusion_builder_column_1_1 1_1 fusion-flex-column\" style=\"--awb-bg-size:cover;--awb-width-large:100%;--awb-margin-top-large:0px;--awb-spacing-right-large:1.92%;--awb-margin-bottom-large:40px;--awb-spacing-left-large:1.92%;--awb-width-medium:100%;--awb-order-medium:0;--awb-spacing-right-medium:1.92%;--awb-spacing-left-medium:1.92%;--awb-width-small:100%;--awb-order-small:0;--awb-spacing-right-small:1.92%;--awb-spacing-left-small:1.92%;\"><div class=\"fusion-column-wrapper fusion-column-has-shadow fusion-flex-justify-content-flex-start fusion-content-layout-column\"><div class=\"fusion-image-element \" style=\"text-align:center;--awb-caption-title-size:var(--h2_typography-font-size);--awb-caption-title-transform:var(--h2_typography-text-transform);--awb-caption-title-line-height:var(--h2_typography-line-height);--awb-caption-title-letter-spacing:var(--h2_typography-letter-spacing);\"><span class=\" fusion-imageframe imageframe-none imageframe-1 hover-type-none\"><img decoding=\"async\" width=\"336\" height=\"112\" title=\"Mecogest &#8211; Logo\" src=\"https:\/\/mecogest.com\/wp-content\/uploads\/2022\/03\/Mecogest-Logo.png\" alt class=\"img-responsive wp-image-92\" srcset=\"https:\/\/mecogest.com\/wp-content\/uploads\/2022\/03\/Mecogest-Logo-200x67.png 200w, https:\/\/mecogest.com\/wp-content\/uploads\/2022\/03\/Mecogest-Logo.png 336w\" sizes=\"(max-width: 640px) 100vw, 336px\" \/><\/span><\/div><div class=\"fusion-title title fusion-title-1 fusion-sep-none fusion-title-center fusion-title-text fusion-title-size-one\" style=\"--awb-font-size:40px;\"><h1 class=\"title-heading-center\" style=\"margin:0;font-size:1em;\">Aviso Legal \u00b7 Mecogest, S.L.<\/h1><\/div><\/div><\/div><div class=\"fusion-layout-column fusion_builder_column fusion-builder-column-1 fusion_builder_column_1_1 1_1 fusion-flex-column\" style=\"--awb-bg-size:cover;--awb-width-large:100%;--awb-margin-top-large:0px;--awb-spacing-right-large:1.92%;--awb-margin-bottom-large:20px;--awb-spacing-left-large:1.92%;--awb-width-medium:100%;--awb-order-medium:0;--awb-spacing-right-medium:1.92%;--awb-spacing-left-medium:1.92%;--awb-width-small:100%;--awb-order-small:0;--awb-spacing-right-small:1.92%;--awb-spacing-left-small:1.92%;\"><div class=\"fusion-column-wrapper fusion-column-has-shadow fusion-flex-justify-content-flex-start fusion-content-layout-column\"><div class=\"fusion-text fusion-text-1\"><h2 class=\"fusion-responsive-typography-calculated\" data-fontsize=\"18\" data-lineheight=\"27px\"><strong>1. Informaci\u00f3n legal y aceptaci\u00f3n.<\/strong><\/h2>\n<p>Las presentes disposiciones regulan el uso del servicio del portal de Internet (en adelante, el \u2018Portal\u2019) que MECOGEST, S.L. (en adelante, MECOGEST) pone a disposici\u00f3n de los usuarios de Internet.<\/p>\n<p>En cumplimiento del art\u00edculo 10 de la Ley 34\/2002, del 11 de julio, de servicios de la Sociedad de la Informaci\u00f3n y Comercio Electr\u00f3nico (LSSICE) se exponen a continuaci\u00f3n los datos identificativos de la empresa:<\/p>\n<ul>\n<li><b>Denominaci\u00f3n social<\/b>: MECOGEST, S.L.<\/li>\n<li><b>N\u00famero de identificaci\u00f3n fiscal<\/b>: CIF. B53863239<\/li>\n<li><b>Domicilio social<\/b>: Avda. Rambla M\u00e9ndez N\u00fa\u00f1ez, N\u00b0 23 \u2013 2\u00b0 B, 03002, Alicante<\/li>\n<li><b>Correo electr\u00f3nico<\/b>: mecogest@napeval.com<\/li>\n<li><b>Tel\u00e9fono<\/b>: 965 142120<\/li>\n<li><b>Fax<\/b>: 965212450<\/li>\n<li><b>Datos de inscripci\u00f3n en el registro mercantil<\/b>: Reg. Mercantil de Alicante Tomo: 2772 Libro: 0 Folio: 81 Hoja: A-83176 Inscrip. 1.<\/li>\n<\/ul>\n<p>El titular del Portal puede ofrecer servicios o productos que podr\u00e1n encontrarse sometidos a unas condiciones particulares propias que, seg\u00fan los casos, sustituyan, completen y\/o modifiquen las presentes condiciones, y sobre las cuales se informar\u00e1 al usuario en cada caso concreto.<\/p>\n<p>El acceso y la navegaci\u00f3n en este Portal supone aceptar y conocer las advertencias legales, condiciones y t\u00e9rminos de uso contenidas en este Aviso Legal y atribuye la condici\u00f3n de usuario del Portal (en adelante, el \u201cUsuario\u201d).<\/p>\n<p>Los servicios de consultor\u00eda y asesor\u00eda que presta <strong>MECOGEST<\/strong><b>, <\/b>con car\u00e1cter general tienen el precio que se indique en la correspondiente propuesta de servicios profesionales y en ning\u00fan caso se ofrecen o prestan a trav\u00e9s de este Portal.<\/p>\n<h2 class=\"fusion-responsive-typography-calculated\" data-fontsize=\"18\" data-lineheight=\"27px\"><strong>2. Propiedad intelectual e industrial.<\/strong><\/h2>\n<p>Todos los contenidos del Portal, entendiendo por estos a t\u00edtulo meramente enunciativo, los textos, fotograf\u00edas, gr\u00e1ficos, im\u00e1genes, iconos, tecnolog\u00eda, software, links y dem\u00e1s contenidos audiovisuales o sonoros, as\u00ed como su dise\u00f1o gr\u00e1fico y c\u00f3digos fuente (en adelante, los \u2018Contenidos\u2019), son propiedad intelectual de <strong>MECOGEST<\/strong><b>,<\/b> o de terceros, sin que puedan entenderse cedidos al Usuario ninguno de los derechos de explotaci\u00f3n reconocidos por la normativa vigente en materia de propiedad intelectual sobre los mismos, salvo aquellos que resulten estrictamente necesario para el uso del Portal.<\/p>\n<p>Las marcas, nombres comerciales o signos distintivos son titularidad de <strong>MECOGEST<\/strong><b>, S.L. <\/b>o terceros, sin que pueda entenderse que el acceso al Portal atribuya ning\u00fan derecho sobre las citadas marcas, nombres comerciales y\/o signos distintivos.<\/p>\n<h2 class=\"fusion-responsive-typography-calculated\" data-fontsize=\"18\" data-lineheight=\"27px\"><strong>3. Propiedad intelectual e industrial.<\/strong><\/h2>\n<h3 class=\"fusion-responsive-typography-calculated\" data-fontsize=\"16\" data-lineheight=\"24px\"><strong>3.1 General<\/strong><\/h3>\n<p>El Usuario se obliga a hacer un uso correcto del Portal de conformidad con la Ley y el presente Aviso Legal. El Usuario responder\u00e1 frente a <strong>MECOGEST<\/strong><b>, S.L.<\/b> o frente a terceros de cualesquiera da\u00f1os y perjuicios que pudieran causarse como consecuencia del incumplimiento de dicha obligaci\u00f3n.<\/p>\n<p>Queda expresamente prohibido el uso del Portal con fines lesivos de bienes o intereses de o de terceros o que de cualquier otra forma sobrecarguen, da\u00f1en o inutilicen las redes, servidores y dem\u00e1s equipos inform\u00e1ticos (hardware) o productos y aplicaciones inform\u00e1ticas (software) de <strong>MECOGEST<\/strong><b>, S.L. <\/b>o de terceros.<\/p>\n<h3 class=\"fusion-responsive-typography-calculated\" data-fontsize=\"16\" data-lineheight=\"24px\"><strong>3.2 Contenidos<\/strong><\/h3>\n<p>El Usuario se compromete a utilizar los Contenidos de conformidad con la Ley y el presente Aviso Legal, as\u00ed como con las dem\u00e1s condiciones, reglamentos e instrucciones que en su caso pudieran ser de aplicaci\u00f3n de conformidad con lo dispuesto. Con car\u00e1cter meramente enunciativo, el Usuario de acuerdo con la legislaci\u00f3n vigente deber\u00e1 abstenerse de:<\/p>\n<ul>\n<li>Reproducir, copiar, distribuir, poner a disposici\u00f3n, comunicar p\u00fablicamente, transformar o modificar los Contenidos salvo en los casos autorizados en la ley o expresamente consentidos por <strong>MECOGEST<\/strong><b>, S.L. <\/b>o por quien ostente la titularidad de los derechos de explotaci\u00f3n en su caso.<\/li>\n<li>Extraer y\/o reutilizar la totalidad o una parte sustancial de los Contenidos integrantes del Portal.<\/li>\n<\/ul>\n<h3 class=\"fusion-responsive-typography-calculated\" data-fontsize=\"16\" data-lineheight=\"24px\"><b>3.3 Formularios de recogida de datos<\/b><\/h3>\n<p>Toda la informaci\u00f3n que facilite el Usuario a trav\u00e9s de los formularios del Portal a efectos de recibir la prestaci\u00f3n de servicios ser\u00e1n aut\u00e9nticos y <strong>MECOGEST<\/strong><b> <\/b>mantendr\u00e1 la informaci\u00f3n facilitada por el Usuario perfectamente actualizada de forma que responsa, en todo momento, a la situaci\u00f3n real del Usuario. En todo caso ser\u00e1 el Usuario el \u00fanico responsable de las manifestaciones falsas o inexactas que realice y de los perjuicios que cause a<b> <strong>MECOGEST<\/strong> <\/b>o a terceros por la informaci\u00f3n que facilite.<\/p>\n<h3 class=\"fusion-responsive-typography-calculated\" data-fontsize=\"16\" data-lineheight=\"24px\"><b>3.4 Introducci\u00f3n de enlaces al Portal<\/b><\/h3>\n<p>El usuario de Internet que quiera introducir enlaces desde sus propias p\u00e1ginas web al Portal deber\u00e1 cumplir con las condiciones que se detallan a continuaci\u00f3n sin que el desconocimiento de las mismas evite las responsabilidades derivadas de la Ley:<\/p>\n<ul>\n<li>El enlace \u00fanicamente vincular\u00e1 con la p\u00e1gina principal del Portal pero no podr\u00e1 reproducirla de ninguna forma (inline links, copia de los textos, gr\u00e1ficos, etc).<\/li>\n<li>Quedar\u00e1 en todo caso prohibido, de acuerdo con la legislaci\u00f3n aplicable y vigente en cada momento, establecer frames o marcos de cualquier tipo que envuelvan al Portal o permitan la visualizaci\u00f3n de los Contenidos a trav\u00e9s de direcciones de Internet distintas a las del Portal y, en cualquier caso, cuando se visualicen conjuntamente con contenidos ajenos al Portal de forma que: (I) produzca, o pueda producir, error, confusi\u00f3n o enga\u00f1o en los usuarios sobre la verdadera procedencia del servicio o Contenidos; (II) suponga un acto de comparaci\u00f3n o imitaci\u00f3n desleal; (III) sirva para aprovechar la reputaci\u00f3n de la marca y prestigio de <strong>MECOGEST<\/strong><b>, S.L. <\/b>o (IV) de cualquier otra forma resulte prohibido por la legislaci\u00f3n vigente.<\/li>\n<li>No se realizar\u00e1n desde la p\u00e1gina que introduce el enlace ning\u00fan tipo de manifestaci\u00f3n falsa, inexacta o incorrecta sobre <strong>MECOGEST<\/strong><b>, <\/b>sus socios, empleados, clientes o sobre la calidad de los servicios que presta.<\/li>\n<li>En ning\u00fan caso, se expresar\u00e1 en la p\u00e1gina donde se ubique el enlace que <strong>MECOGEST<\/strong><b>, S.L. <\/b>ha prestado su consentimiento para la inserci\u00f3n del enlace o que de otra forma patrocina, colabora, verifica o supervisa los servicios del remitente.<\/li>\n<li>Est\u00e1 prohibida la utilizaci\u00f3n de cualquier marca denominativa, gr\u00e1fica o mixta o cualquier otro signo distintivo de <strong>MECOGEST<\/strong><b>, S.L. <\/b>en la p\u00e1gina del remitente salvo en los casos permitidos por la ley o expresamente autorizados por <strong>MECOGEST<\/strong><b>, S.L. <\/b>y siempre que se permita, en estos casos, un enlace directo con el Portal en la forma establecida en esta cl\u00e1usula.<\/li>\n<li>La p\u00e1gina que establezca el enlace deber\u00e1 cumplir fielmente con la ley y no podr\u00e1 en ning\u00fan caso disponer o enlazar con contenidos propios o de terceros que: (I) sean il\u00edcitos, nocivos o contrarios a la moral y a las buenas costumbres (pornogr\u00e1ficos, violentos, racistas, etc.); (II) induzcan o puedan inducir en el Usuario la falsa concepci\u00f3n de que suscribe, respalda, se adhiere o de cualquier manera apoya, las ideas, manifestaciones o expresiones, l\u00edcitas o il\u00edcitas, del remitente; (III) resulten inapropiados o no pertinentes con la actividad de <strong>MECOGEST<\/strong><b>, S.L. <\/b>en atenci\u00f3n al lugar, contenidos y tem\u00e1tica de la p\u00e1gina web del remitente.<\/li>\n<\/ul>\n<h2 class=\"fusion-responsive-typography-calculated\" data-fontsize=\"18\" data-lineheight=\"27px\"><strong>4. Exclusi\u00f3n de responsabilidad.<\/strong><\/h2>\n<h3 class=\"fusion-responsive-typography-calculated\" data-fontsize=\"16\" data-lineheight=\"24px\"><b>4.1 General<\/b><\/h3>\n<p>Los contenidos del Portal son de car\u00e1cter general y no constituyen, en modo alguno, la prestaci\u00f3n de un servicio de asesoramiento fiscal, laboral, contable o legal de ning\u00fan tipo, por lo que dicha informaci\u00f3n resulta insuficiente para la toma de decisiones personales o empresariales por parte del Usuario.<\/p>\n<p><b><strong>MECOGEST<\/strong>, S.L. <\/b>no se responsabiliza de las decisiones tomadas a partir de la informaci\u00f3n general suministrada en el Portal ni de los da\u00f1os y perjuicios producidos en el Usuario o terceros con motivo de actuaciones que tengan como \u00fanico fundamento la informaci\u00f3n obtenida en el Portal.<\/p>\n<h3 class=\"fusion-responsive-typography-calculated\" data-fontsize=\"16\" data-lineheight=\"24px\"><b>4.2 De la calidad del servicio<\/b><\/h3>\n<p>El acceso al Portal no implica la obligaci\u00f3n por parte de <strong>MECOGEST<\/strong><b>, S.L.<\/b> de controlar la ausencia de virus, gusanos o cualquier otro elemento inform\u00e1tico da\u00f1ino. Corresponde al Usuario, en todo caso, la disponibilidad de herramientas adecuadas para la detecci\u00f3n y desinfecci\u00f3n de programas inform\u00e1ticos da\u00f1inos.<\/p>\n<p><b><strong>MECOGEST<\/strong>, <\/b>no se responsabiliza de los da\u00f1os producidos en los equipos inform\u00e1ticos de los Usuarios o de terceros durante la prestaci\u00f3n del servicio del Portal.<\/p>\n<h3 class=\"fusion-responsive-typography-calculated\" data-fontsize=\"16\" data-lineheight=\"24px\"><b>4.3 De la disponibilidad del Servicio<\/b><\/h3>\n<p>El acceso al Portal requiere de servicios y suministros de terceros. Por consiguiente, los servicios prove\u00eddos a trav\u00e9s del Portal pueden ser suspendidos, cancelados o resultar inaccesibles, con car\u00e1cter previo o simult\u00e1neo a la prestaci\u00f3n del servicio del Portal.<\/p>\n<p><b><strong>MECOGEST<\/strong>, S.L. <\/b>no se responsabiliza de los da\u00f1os o perjuicios de cualquier tipo producidos en el Usuario que traigan causa de fallos o desconexiones en las redes de telecomunicaciones que produzcan la suspensi\u00f3n, cancelaci\u00f3n o interrupci\u00f3n del servicio del Portal durante la prestaci\u00f3n del mismo o con car\u00e1cter previo.<\/p>\n<h3 class=\"fusion-responsive-typography-calculated\" data-fontsize=\"16\" data-lineheight=\"24px\"><b>4.4 De los contenidos y servicios enlazados a trav\u00e9s del Portal<\/b><\/h3>\n<p>El servicio de acceso al Portal incluye dispositivos t\u00e9cnicos de enlace, directorios e incluso instrumentos de b\u00fasqueda que permiten al Usuario acceder a otras p\u00e1ginas y portales de Internet (en adelante, \u2018Sitios Enlazados\u2019). En estos casos, <strong>MECOGEST<\/strong><b>, S.L.<\/b> act\u00faa como prestador de servicios de intermediaci\u00f3n de conformidad con el art\u00edculo 17 de la Ley 34\/2002, de 12 de julio, de Servicios de la Sociedad de la Informaci\u00f3n y el Comercio Electr\u00f3nico (\u2018LSSI\u2019) y s\u00f3lo ser\u00e1 responsable de los contenidos y servicios suministrados en los Sitios Enlazados en la medida en que tenga conocimiento efectivo de la ilicitud y no haya desactivado el enlace con la diligencia debida. En el supuesto de que el Usuario considere que existe un Sitio Enlazado con contenidos il\u00edcitos o inadecuados podr\u00e1 comunic\u00e1rselo a <strong>MECOGEST<\/strong><b>, S.L.<\/b>, sin que en ning\u00fan caso esta comunicaci\u00f3n conlleve la obligaci\u00f3n de retirar el correspondiente enlace.<\/p>\n<p>En ning\u00fan caso, la existencia de Sitios Enlazados debe presuponer la existencia de acuerdos con los responsables o titulares de los mismos, ni la recomendaci\u00f3n, promoci\u00f3n o identificaci\u00f3n de con las manifestaciones, contenidos o servicios provistas.<\/p>\n<p><b><strong>MECOGEST<\/strong>, S.L. <\/b>no conoce los contenidos y servicios de los Sitios Enlazados y por tanto no se hace responsable por los da\u00f1os producidos por la ilicitud, calidad, desactualizaci\u00f3n, indisponibilidad, error e inutilidad de los contenidos y\/o servicios de los Sitios Enlazados ni por cualquier otro da\u00f1o que no sea directamente imputable a <strong>MECOGEST<\/strong><b>.<\/b><\/p>\n<h2 class=\"fusion-responsive-typography-calculated\" data-fontsize=\"18\" data-lineheight=\"27px\"><strong>5. Protecci\u00f3n de datos personales.<\/strong><\/h2>\n<p>Para m\u00e1s informaci\u00f3n sobre el tratamiento de sus datos personales en el Portal dir\u00edjase a la <strong><a href=\"https:\/\/mecogest.com\/index.php\/politica-de-privacidad\/\">Pol\u00edtica de Privacidad<\/a><\/strong>.<\/p>\n<h2 class=\"fusion-responsive-typography-calculated\" data-fontsize=\"18\" data-lineheight=\"27px\"><strong>6. Legislaci\u00f3n.<\/strong><\/h2>\n<p>El presente Aviso Legal se rige en todos y cada uno de sus extremos por la ley espa\u00f1ola.<\/p>\n<\/div><\/div><\/div><\/div><\/div>\n","protected":false},"excerpt":{"rendered":"","protected":false},"author":1,"featured_media":0,"parent":0,"menu_order":0,"comment_status":"closed","ping_status":"closed","template":"","meta":{"footnotes":""},"class_list":["post-186","page","type-page","status-publish","hentry"],"_links":{"self":[{"href":"https:\/\/mecogest.com\/index.php\/wp-json\/wp\/v2\/pages\/186","targetHints":{"allow":["GET"]}}],"collection":[{"href":"https:\/\/mecogest.com\/index.php\/wp-json\/wp\/v2\/pages"}],"about":[{"href":"https:\/\/mecogest.com\/index.php\/wp-json\/wp\/v2\/types\/page"}],"author":[{"embeddable":true,"href":"https:\/\/mecogest.com\/index.php\/wp-json\/wp\/v2\/users\/1"}],"replies":[{"embeddable":true,"href":"https:\/\/mecogest.com\/index.php\/wp-json\/wp\/v2\/comments?post=186"}],"version-history":[{"count":7,"href":"https:\/\/mecogest.com\/index.php\/wp-json\/wp\/v2\/pages\/186\/revisions"}],"predecessor-version":[{"id":206,"href":"https:\/\/mecogest.com\/index.php\/wp-json\/wp\/v2\/pages\/186\/revisions\/206"}],"wp:attachment":[{"href":"https:\/\/mecogest.com\/index.php\/wp-json\/wp\/v2\/media?parent=186"}],"curies":[{"name":"wp","href":"https:\/\/api.w.org\/{rel}","templated":true}]}}